{"id":287,"date":"2025-04-09T14:39:07","date_gmt":"2025-04-09T14:39:07","guid":{"rendered":"https:\/\/rugpoli.nl\/wp\/?page_id=287"},"modified":"2025-06-03T09:53:05","modified_gmt":"2025-06-03T09:53:05","slug":"gewrichtsinjecties","status":"publish","type":"page","link":"https:\/\/rugpoli.nl\/en\/behandelingen\/gewrichtsinjecties\/","title":{"rendered":"Gewrichtsinjecties"},"content":{"rendered":"<h1>Informatie voor pati\u00ebnten<\/h1>\n<hr>\n<ul>\n<li>\n<p>        <img decoding=\"async\" src=\"\/wp\/wp-content\/uploads\/2025\/04\/zkn-keurmerk-bw.jpg\" alt=\"\"><\/p>\n<p><img decoding=\"async\" src=\"\/wp\/wp-content\/uploads\/2025\/04\/zkn-keurmerk.jpg\" alt><\/p>\n<\/li>\n<li>\n<p>        <img decoding=\"async\" src=\"\/wp\/wp-content\/uploads\/2025\/04\/logo-scas-geaccrediteerd-bw.jpg\" alt=\"\"><\/p>\n<p><img decoding=\"async\" src=\"\/wp\/wp-content\/uploads\/2025\/04\/logo-scas-geaccrediteerd.jpg\" alt><\/p>\n<\/li>\n<\/ul>\n<h1>Gewrichtsinjecties<\/h1>\n<div>\n<p>U heeft last van pijn in uw gewrichten. Deze pijn komt door ontsteking van het kapsel rondom het gewricht. Om deze pijn te verlichten, heeft uw arts een gewrichtsinjectie voorgesteld. Op deze pagina leest u meer over deze behandeling.<\/p>\n<h3>Ontsteking van het gewrichtskapsel<\/h3>\n<p>In uw lichaam bevinden zich verschillende gewrichten, zoals de heup, knie, schouder, enkel, elleboog, pols en voet. Een gewricht is het \u2018scharnier\u2019 tussen twee botten. Het gladde kraakbeenoppervlak zorgt ervoor dat de botuiteinden gemakkelijk over elkaar heen glijden. Gewrichtsvloeistof \u2018smeert\u2019 het gewricht zodat het soepel beweegt. Om het gewricht heen zit een gewrichtskapsel. Het gewrichtskapsel zorgt voor stevigheid zodat de botten bij elkaar blijven. Het gewrichtskapsel bestaat uit bindweefsel. Bij u is hier (waarschijnlijk) een ontsteking aanwezig.<\/p>\n<h3>Doel van de behandeling<\/h3>\n<p>Bij een ontsteking van het gewrichtskapsel kan de arts een injectie in het gewricht geven. De behandeling kan twee verschillende doelen hebben:<\/p>\n<ul>\n<li><b>Diagnostisch:<\/b><span>\u00a0<\/span>De arts wil met de injectie uitzoeken of ontsteking van het gewrichtskapsel de oorzaak is van uw pijnklachten. Het effect van de injectie is tijdelijk, dit betekent dat de injectie de pijnbron voor korte tijd uitschakelt.<\/li>\n<li><b>Therapeutisch:<\/b><span>\u00a0<\/span>Als duidelijk is dat de pijnklachten afkomstig zijn van het gewricht, dan kan de arts proberen deze klachten met een injectie met corticostero\u00efden te verminderen. Hierdoor neemt de pijn af en kunt u de oefeningen die nodig zijn om de functie van het gewricht te verbeteren, gemakkelijker uitvoeren.<\/li>\n<\/ul>\n<h3>De behandeling<\/h3>\n<p>Eerst ontsmet de arts uw huid, op de plaats waar u de injectie krijgt. Onder r\u00f6ntgendoorlichting plaatst de arts een dun naaldje in het gewricht. Vervolgens spuit hij wat contrastvloeistof (Omnipaque) in om te controleren of de naald zich op de goede plaats in het gewricht bevindt. Als de behandeling om diagnostische redenen plaatsvindt, wordt vervolgens alleen een plaatselijk verdovingsmiddel (Lidoca\u00efne 2%) ingespoten. Bij therapeutische behandeling spuit de arts een mengsel van een plaatselijk verdovingsmiddel (Lidoca\u00efne 2%) en een corticostero\u00efd (Kenakort 50 mg) in.<\/p>\n<\/p>\n<\/div>\n<div>\n<h3>Duur van de behandeling<\/h3>\n<p>De behandeling duurt ongeveer 10 minuten.<\/p>\n<h3>Meer informatie<\/h3>\n<p>Voor informatie over eventuele bijwerkingen en risico\u2019s en overige aanwijzingen vragen wij u de informatie<span>\u00a0<\/span><strong><a href=\"https:\/\/www.rugpoli.nl\/voor-uw-bezoek\" target=\"_blank\" rel=\"noopener\">&#8220;Voor uw bezoek&#8221;<\/a><\/strong><span>\u00a0<\/span>en<span>\u00a0<\/span><strong><a href=\"https:\/\/www.rugpoli.nl\/na-uw-behandeling\/na-een-injectie\" target=\"_blank\" rel=\"noopener\">&#8220;Na uw behandeling&#8221;<\/a><\/strong><span>\u00a0<\/span>goed te lezen.<\/p>\n<\/div>\n<p><img decoding=\"async\" src=\"\/wp\/wp-content\/uploads\/2025\/04\/content_gewrichtsinjecties1.jpg\" alt=\"\"><\/p>\n<p><!--more--><br \/>\n<!-- {\"type\":\"layout\",\"children\":[{\"type\":\"section\",\"props\":{\"header_transparent\":true,\"header_transparent_noplaceholder\":true,\"image\":\"wp-content\\\/uploads\\\/2025\\\/04\\\/home-spreekkamer.jpg\",\"image_position\":\"center-center\",\"image_size\":\"cover\",\"padding\":\"small\",\"style\":\"default\",\"text_color\":\"light\",\"title_breakpoint\":\"xl\",\"title_position\":\"top-left\",\"title_rotation\":\"left\",\"vertical_align\":\"middle\",\"width\":\"default\"},\"children\":[{\"type\":\"row\",\"children\":[{\"type\":\"column\",\"props\":{\"image_position\":\"center-center\",\"position_sticky_breakpoint\":\"m\"}}]}],\"name\":\"Groen menu\"},{\"type\":\"section\",\"props\":{\"image_position\":\"center-center\",\"style\":\"default\",\"title_breakpoint\":\"xl\",\"title_position\":\"top-left\",\"title_rotation\":\"left\",\"vertical_align\":\"middle\",\"width\":\"default\"},\"children\":[{\"type\":\"row\",\"props\":{\"layout\":\"1-4,3-4\"},\"children\":[{\"type\":\"column\",\"props\":{\"image_position\":\"center-center\",\"position_sticky_breakpoint\":\"m\",\"width_medium\":\"1-4\"},\"children\":[{\"type\":\"headline\",\"props\":{\"content\":\"Informatie voor pati\\u00ebnten\",\"content_en_us\":\"Information for patients\",\"title_element\":\"h1\",\"title_style\":\"h3\"}},{\"type\":\"module\",\"props\":{\"menu_divider\":true,\"menu_image_align\":\"center\",\"menu_image_margin\":true,\"menu_style\":\"default\",\"menu_type\":\"nav\",\"type\":\"nav_menu\",\"widget\":\"nav_menu-3\"}},{\"type\":\"search\",\"props\":{\"margin\":\"medium\"}},{\"type\":\"divider\",\"props\":{\"divider_element\":\"hr\",\"divider_style\":\"icon\"}},{\"type\":\"gallery\",\"props\":{\"filter_align\":\"left\",\"filter_all\":true,\"filter_grid_breakpoint\":\"m\",\"filter_grid_width\":\"auto\",\"filter_position\":\"top\",\"filter_style\":\"tab\",\"grid_column_align\":false,\"grid_column_gap\":\"collapse\",\"grid_default\":\"2\",\"grid_medium\":\"2\",\"grid_row_align\":false,\"grid_row_gap\":\"collapse\",\"grid_small\":\"2\",\"image_transition\":\"scale-up\",\"item_animation\":true,\"lightbox_bg_close\":true,\"link_style\":\"default\",\"link_text\":\"Read more\",\"margin\":\"medium\",\"margin_remove_bottom\":false,\"meta_align\":\"below-title\",\"meta_element\":\"div\",\"meta_style\":\"text-meta\",\"overlay_hover\":false,\"overlay_mode\":\"cover\",\"overlay_padding\":\"none\",\"overlay_position\":\"center\",\"overlay_style\":\"\",\"overlay_transition\":\"fade\",\"parallax_easing\":\"1\",\"show_content\":true,\"show_hover_image\":true,\"show_hover_video\":true,\"show_link\":true,\"show_meta\":true,\"show_title\":true,\"text_align\":\"\",\"text_color\":\"light\",\"title_element\":\"h3\",\"title_hover_style\":\"reset\"},\"children\":[{\"type\":\"gallery_item\",\"props\":{\"hover_image\":\"wp-content\\\/uploads\\\/2025\\\/04\\\/zkn-keurmerk.jpg\",\"image\":\"wp-content\\\/uploads\\\/2025\\\/04\\\/zkn-keurmerk-bw.jpg\"}},{\"type\":\"gallery_item\",\"props\":{\"hover_image\":\"wp-content\\\/uploads\\\/2025\\\/04\\\/logo-scas-geaccrediteerd.jpg\",\"image\":\"wp-content\\\/uploads\\\/2025\\\/04\\\/logo-scas-geaccrediteerd-bw.jpg\"}}],\"name\":\"keurmerken gallery\"}]},{\"type\":\"column\",\"props\":{\"image_position\":\"center-center\",\"position_sticky_breakpoint\":\"m\",\"width_medium\":\"3-4\"},\"children\":[{\"type\":\"headline\",\"props\":{\"content\":\"Gewrichtsinjecties\",\"content_en_us\":\"Joint injection\\n\",\"title_element\":\"h1\"}},{\"type\":\"text\",\"props\":{\"column_breakpoint\":\"m\",\"content\":\"\n\n<p>U heeft last van pijn in uw gewrichten. Deze pijn komt door ontsteking van het kapsel rondom het gewricht. Om deze pijn te verlichten, heeft uw arts een gewrichtsinjectie voorgesteld. Op deze pagina leest u meer over deze behandeling.<\\\/p>\\n\n\n<h3>Ontsteking van het gewrichtskapsel<\\\/h3>\\n\n\n<p>In uw lichaam bevinden zich verschillende gewrichten, zoals de heup, knie, schouder, enkel, elleboog, pols en voet. Een gewricht is het \\u2018scharnier\\u2019 tussen twee botten. Het gladde kraakbeenoppervlak zorgt ervoor dat de botuiteinden gemakkelijk over elkaar heen glijden. Gewrichtsvloeistof \\u2018smeert\\u2019 het gewricht zodat het soepel beweegt. Om het gewricht heen zit een gewrichtskapsel. Het gewrichtskapsel zorgt voor stevigheid zodat de botten bij elkaar blijven. Het gewrichtskapsel bestaat uit bindweefsel. Bij u is hier (waarschijnlijk) een ontsteking aanwezig.<\\\/p>\\n\n\n<h3>Doel van de behandeling<\\\/h3>\\n\n\n<p>Bij een ontsteking van het gewrichtskapsel kan de arts een injectie in het gewricht geven. De behandeling kan twee verschillende doelen hebben:<\\\/p>\\n\n\n<ul>\\n\n\n<li><b>Diagnostisch:<\\\/b><span>\\u00a0<\\\/span>De arts wil met de injectie uitzoeken of ontsteking van het gewrichtskapsel de oorzaak is van uw pijnklachten. Het effect van de injectie is tijdelijk, dit betekent dat de injectie de pijnbron voor korte tijd uitschakelt.<\\\/li>\\n\n\n<li><b>Therapeutisch:<\\\/b><span>\\u00a0<\\\/span>Als duidelijk is dat de pijnklachten afkomstig zijn van het gewricht, dan kan de arts proberen deze klachten met een injectie met corticostero\\u00efden te verminderen. Hierdoor neemt de pijn af en kunt u de oefeningen die nodig zijn om de functie van het gewricht te verbeteren, gemakkelijker uitvoeren.<\\\/li>\\n<\\\/ul>\\n\n\n<h3>De behandeling<\\\/h3>\\n\n\n<p>Eerst ontsmet de arts uw huid, op de plaats waar u de injectie krijgt. Onder r\\u00f6ntgendoorlichting plaatst de arts een dun naaldje in het gewricht. Vervolgens spuit hij wat contrastvloeistof (Omnipaque) in om te controleren of de naald zich op de goede plaats in het gewricht bevindt. Als de behandeling om diagnostische redenen plaatsvindt, wordt vervolgens alleen een plaatselijk verdovingsmiddel (Lidoca\\u00efne 2%) ingespoten. Bij therapeutische behandeling spuit de arts een mengsel van een plaatselijk verdovingsmiddel (Lidoca\\u00efne 2%) en een corticostero\\u00efd (Kenakort 50 mg) in.<\\\/p>\n\n<p><\\\/p>\",\"content_en_us\":\"\n\n<p><em>You suffer with pain in your joints. This pain is caused by inflammation of the capsule around the joint. In order to relieve this pain your medical practitioner has proposed a joint injection. This page further outlines what this treatment entails.\\u00a0<\\\/em><\\\/p>\\n\n\n<h3>INFLAMMATION OF THE JOINT CAPSULE\\u00a0<\\\/h3>\\n\n\n<p>Your body has various joints: for example the hip, knee, shoulder, ankle, elbow, wrist and foot. A joint is the \\u2018hinge\\u2019 between two bones. The smooth cartilage surface ensures that the tips of the bones slide smoothly over one another. Synovial fluid \\u2018lubricates\\u2019 the joint so that it moves supply. The joint is encased by a joint capsule that provides strength, to help the bones knit together. The joint capsule is made up of connective tissue. In your case an inflammation is (most likely) present here.<\\\/p>\\n\n\n<h3>TREATMENT OBJECTIVE<\\\/h3>\\n\n\n<p>When a joint capsule is inflamed the medical practitioner can inject the joint. The treatment can have two objectives:\\u00a0<br \\\/><br \\\/><em>Diagnostic:<\\\/em><br \\\/>With the injection the medical practitioner wants to see whether the inflammation of the joint capsule is the cause of your painful symptoms. The effect of the injection is temporary, which means that the injection temporarily eliminates the source of pain.<br \\\/><br \\\/><em>Therapeutic:<\\\/em><\\\/p>\\n\n\n<p>If it is clear that the painful symptoms derive from the joint, the medical practitioner can try to lessen these symptoms with an injection of corticosteroids. This will relieve the pain, which in turn will help you do the exercises necessary for improving the joint\\u2019s function.<\\\/p>\\n\n\n<h3>TREATMENT<\\\/h3>\",\"margin\":\"default\"}},{\"type\":\"fragment\",\"props\":{\"margin\":\"default\"},\"children\":[{\"type\":\"row\",\"props\":{\"layout\":\"1-2,1-2\"},\"children\":[{\"type\":\"column\",\"props\":{\"image_position\":\"center-center\",\"position_sticky_breakpoint\":\"m\",\"width_medium\":\"1-2\"},\"children\":[{\"type\":\"text\",\"props\":{\"column_breakpoint\":\"m\",\"content\":\"\n\n<h3>Duur van de behandeling<\\\/h3>\\n\n\n<p>De behandeling duurt ongeveer 10 minuten.<\\\/p>\\n\n\n<h3>Meer informatie<\\\/h3>\\n\n\n<p>Voor informatie over eventuele bijwerkingen en risico\\u2019s en overige aanwijzingen vragen wij u de informatie<span>\\u00a0<\\\/span><strong><a href=\\\"https:\\\/\\\/www.rugpoli.nl\\\/voor-uw-bezoek\\\" target=\\\"_blank\\\" rel=\\\"noopener\\\">\\\"Voor uw bezoek\\\"<\\\/a><\\\/strong><span>\\u00a0<\\\/span>en<span>\\u00a0<\\\/span><strong><a href=\\\"https:\\\/\\\/www.rugpoli.nl\\\/na-uw-behandeling\\\/na-een-injectie\\\" target=\\\"_blank\\\" rel=\\\"noopener\\\">\\\"Na uw behandeling\\\"<\\\/a><\\\/strong><span>\\u00a0<\\\/span>goed te lezen.<\\\/p>\",\"margin\":\"default\"}}]},{\"type\":\"column\",\"props\":{\"image_position\":\"center-center\",\"position_sticky_breakpoint\":\"m\",\"width_medium\":\"1-2\"},\"children\":[{\"type\":\"image\",\"props\":{\"image\":\"wp-content\\\/uploads\\\/2025\\\/04\\\/content_gewrichtsinjecties1.jpg\",\"image_svg_color\":\"emphasis\",\"margin\":\"default\"}}]}]}]}]}]}]}],\"version\":\"4.5.15\",\"yooessentialsVersion\":\"2.3.12\"} --><\/p>\n","protected":false},"excerpt":{"rendered":"<p>Informatie voor pati\u00ebnten Gewrichtsinjecties U heeft last van pijn in uw gewrichten. Deze pijn komt door ontsteking van het kapsel rondom het gewricht. Om deze pijn te verlichten, heeft uw arts een gewrichtsinjectie voorgesteld. Op deze pagina leest u meer over deze behandeling. Ontsteking van het gewrichtskapsel In uw lichaam bevinden zich verschillende gewrichten, zoals [&hellip;]<\/p>\n","protected":false},"author":1,"featured_media":0,"parent":339,"menu_order":0,"comment_status":"closed","ping_status":"closed","template":"","meta":{"_acf_changed":false,"_improvement_type_select":"improve_an_existing","_thumb_yes_seoaic":false,"_frame_yes_seoaic":false,"seoaic_generate_description":"","seoaic_improve_instructions_prompt":"","seoaic_rollback_content_improvement":"","seoaic_idea_thumbnail_generator":"","thumbnail_generated":false,"thumbnail_generate_prompt":"","seoaic_article_description":"","footnotes":""},"class_list":["post-287","page","type-page","status-publish","hentry"],"acf":[],"_links":{"self":[{"href":"https:\/\/rugpoli.nl\/en\/wp-json\/wp\/v2\/pages\/287","targetHints":{"allow":["GET"]}}],"collection":[{"href":"https:\/\/rugpoli.nl\/en\/wp-json\/wp\/v2\/pages"}],"about":[{"href":"https:\/\/rugpoli.nl\/en\/wp-json\/wp\/v2\/types\/page"}],"author":[{"embeddable":true,"href":"https:\/\/rugpoli.nl\/en\/wp-json\/wp\/v2\/users\/1"}],"replies":[{"embeddable":true,"href":"https:\/\/rugpoli.nl\/en\/wp-json\/wp\/v2\/comments?post=287"}],"version-history":[{"count":14,"href":"https:\/\/rugpoli.nl\/en\/wp-json\/wp\/v2\/pages\/287\/revisions"}],"predecessor-version":[{"id":1170,"href":"https:\/\/rugpoli.nl\/en\/wp-json\/wp\/v2\/pages\/287\/revisions\/1170"}],"up":[{"embeddable":true,"href":"https:\/\/rugpoli.nl\/en\/wp-json\/wp\/v2\/pages\/339"}],"wp:attachment":[{"href":"https:\/\/rugpoli.nl\/en\/wp-json\/wp\/v2\/media?parent=287"}],"curies":[{"name":"wp","href":"https:\/\/api.w.org\/{rel}","templated":true}]}}