{"id":297,"date":"2025-04-09T14:42:05","date_gmt":"2025-04-09T14:42:05","guid":{"rendered":"https:\/\/rugpoli.nl\/wp\/?page_id=297"},"modified":"2025-06-03T10:15:52","modified_gmt":"2025-06-03T10:15:52","slug":"si-gewrichten-infiltratie","status":"publish","type":"page","link":"https:\/\/rugpoli.nl\/en\/behandelingen\/si-gewrichten-infiltratie\/","title":{"rendered":"SI gewrichten infiltratie"},"content":{"rendered":"<h1>Informatie voor pati\u00ebnten<\/h1>\n<hr>\n<ul>\n<li>\n<p>        <img decoding=\"async\" src=\"\/wp\/wp-content\/uploads\/2025\/04\/zkn-keurmerk-bw.jpg\" alt=\"\"><\/p>\n<p><img decoding=\"async\" src=\"\/wp\/wp-content\/uploads\/2025\/04\/zkn-keurmerk.jpg\" alt><\/p>\n<\/li>\n<li>\n<p>        <img decoding=\"async\" src=\"\/wp\/wp-content\/uploads\/2025\/04\/logo-scas-geaccrediteerd-bw.jpg\" alt=\"\"><\/p>\n<p><img decoding=\"async\" src=\"\/wp\/wp-content\/uploads\/2025\/04\/logo-scas-geaccrediteerd.jpg\" alt><\/p>\n<\/li>\n<\/ul>\n<h1>SI-gewrichtsinjectie<\/h1>\n<div>\n<p>U heeft last van pijn in uw onderrug. Uit onderzoek is gebleken dat een ge\u00efrriteerd sacro-iliacaal (SI) gewricht in de wervelkolom deze pijn veroorzaakt. Om deze pijn te verlichten, heeft uw arts een injectie in het SI-gewricht voorgesteld. Op deze pagina leest u meer over deze behandeling.<\/p>\n<h3>SI-gewrichten<\/h3>\n<\/div>\n<div>\n<p>De SI-gewrichten, ook wel heiligbeengewrichten genoemd, vormen de verbinding tussen het heiligbeen en het bekken en daarmee tussen de rug en de benen. De gewrichten bevinden zich onderin de rug, aan weerskanten van de wervelkolom. De gewrichten kunnen maar weinig bewegen, zodat rug en bekken vrij stevig met elkaar verbonden zijn. SI-gewrichten kunnen overbelast of ontstoken zijn.<\/p>\n<\/div>\n<p><img decoding=\"async\" src=\"\/wp\/wp-content\/uploads\/2025\/04\/afb_sigi.jpg\" alt=\"\"><\/p>\n<div>\n<h3>Doel van de behandeling<\/h3>\n<p>Bij irritatie van het SI-gewricht kan de arts een injectie in het gewricht geven. De behandeling kan twee verschillende doelen hebben:<\/p>\n<ul>\n<li><b>Diagnostisch:<\/b><span>\u00a0<\/span>de arts wil met de injectie uitzoeken of irritatie van het SI-gewricht de oorzaak is van uw pijnklachten. Het effect van de injectie is tijdelijk, dit betekent dat de injectie de pijnbron voor korte tijd uitschakelt.<\/li>\n<li><b>Therapeutisch:<\/b><span>\u00a0<\/span>als duidelijk is dat de pijnklachten afkomstig zijn van het gewricht, dan kan de arts proberen deze klachten met een injectie met corticostero\u00efden te verminderen. Hierdoor neemt de pijn af en kunt u de oefeningen die nodig zijn om de functie van het gewricht te verbeteren, gemakkelijker uitvoeren.<\/li>\n<\/ul>\n<h3>Verloop van de behandeling<\/h3>\n<p>U ligt op uw buik op de behandeltafel. Eerst ontsmet de arts uw huid, op de plaats waar u de injectie krijgt. Onder r\u00f6ntgendoorlichting plaatst de arts een dun naaldje in het gewricht. Vervolgens spuit hij wat contrastvloeistof (Omnipaque) in om te controleren of de naald zich op de goede plaats in het gewricht bevindt. Als de behandeling om diagnostische redenen plaatsvindt, wordt vervolgens alleen een plaatselijk verdovingsmiddel (Lidoca\u00efne 2%) ingespoten. Bij therapeutische behandeling spuit de arts een mengsel van een plaatselijk verdovingsmiddel (Xyloca\u00efne 2%) en corticostero\u00efden (Kenakort 20 mg) in.<\/p>\n<\/p>\n<\/div>\n<div>\n<h3>Duur van de behandeling<\/h3>\n<p>De behandeling duurt ongeveer 15 minuten.<\/p>\n<h3>Meer informatie<\/h3>\n<p>Voor informatie over eventuele bijwerkingen en risico\u2019s en overige aanwijzingen vragen wij u de informatie<span>\u00a0<\/span><strong><a href=\"https:\/\/www.rugpoli.nl\/voor-uw-bezoek\" target=\"_blank\" rel=\"noopener\">&#8220;Voor uw bezoek&#8221;<\/a><\/strong><span>\u00a0<\/span>en<span>\u00a0<\/span><strong><a href=\"https:\/\/www.rugpoli.nl\/na-uw-behandeling\/na-een-injectie\" target=\"_blank\" rel=\"noopener\">&#8220;Na uw behandeling&#8221;<\/a><\/strong><span>\u00a0<\/span>goed te lezen.<\/p>\n<\/div>\n<p><img decoding=\"async\" src=\"\/wp\/wp-content\/uploads\/2025\/04\/content_gewrichtsinjecties1.jpg\" alt=\"\"><\/p>\n<p><!--more--><br \/>\n<!-- {\"type\":\"layout\",\"children\":[{\"type\":\"section\",\"props\":{\"header_transparent\":true,\"header_transparent_noplaceholder\":true,\"image\":\"wp-content\\\/uploads\\\/2025\\\/04\\\/home-spreekkamer.jpg\",\"image_position\":\"center-center\",\"image_size\":\"cover\",\"padding\":\"small\",\"style\":\"default\",\"text_color\":\"light\",\"title_breakpoint\":\"xl\",\"title_position\":\"top-left\",\"title_rotation\":\"left\",\"vertical_align\":\"middle\",\"width\":\"default\"},\"children\":[{\"type\":\"row\",\"children\":[{\"type\":\"column\",\"props\":{\"image_position\":\"center-center\",\"position_sticky_breakpoint\":\"m\"}}]}],\"name\":\"Groen menu\"},{\"type\":\"section\",\"props\":{\"image_position\":\"center-center\",\"style\":\"default\",\"title_breakpoint\":\"xl\",\"title_position\":\"top-left\",\"title_rotation\":\"left\",\"vertical_align\":\"middle\",\"width\":\"default\"},\"children\":[{\"type\":\"row\",\"props\":{\"layout\":\"1-4,3-4\"},\"children\":[{\"type\":\"column\",\"props\":{\"image_position\":\"center-center\",\"position_sticky_breakpoint\":\"m\",\"width_medium\":\"1-4\"},\"children\":[{\"type\":\"headline\",\"props\":{\"content\":\"Informatie voor pati\\u00ebnten\",\"content_en_us\":\"Information for patients\",\"title_element\":\"h1\",\"title_style\":\"h3\"}},{\"type\":\"module\",\"props\":{\"menu_divider\":true,\"menu_image_align\":\"center\",\"menu_image_margin\":true,\"menu_style\":\"default\",\"menu_type\":\"nav\",\"type\":\"nav_menu\",\"widget\":\"nav_menu-3\"}},{\"type\":\"search\",\"props\":{\"margin\":\"medium\"}},{\"type\":\"divider\",\"props\":{\"divider_element\":\"hr\",\"divider_style\":\"icon\"}},{\"type\":\"gallery\",\"props\":{\"filter_align\":\"left\",\"filter_all\":true,\"filter_grid_breakpoint\":\"m\",\"filter_grid_width\":\"auto\",\"filter_position\":\"top\",\"filter_style\":\"tab\",\"grid_column_align\":false,\"grid_column_gap\":\"collapse\",\"grid_default\":\"2\",\"grid_medium\":\"2\",\"grid_row_align\":false,\"grid_row_gap\":\"collapse\",\"grid_small\":\"2\",\"image_transition\":\"scale-up\",\"item_animation\":true,\"lightbox_bg_close\":true,\"link_style\":\"default\",\"link_text\":\"Read more\",\"margin\":\"medium\",\"margin_remove_bottom\":false,\"meta_align\":\"below-title\",\"meta_element\":\"div\",\"meta_style\":\"text-meta\",\"overlay_hover\":false,\"overlay_mode\":\"cover\",\"overlay_padding\":\"none\",\"overlay_position\":\"center\",\"overlay_style\":\"\",\"overlay_transition\":\"fade\",\"parallax_easing\":\"1\",\"show_content\":true,\"show_hover_image\":true,\"show_hover_video\":true,\"show_link\":true,\"show_meta\":true,\"show_title\":true,\"text_align\":\"\",\"text_color\":\"light\",\"title_element\":\"h3\",\"title_hover_style\":\"reset\"},\"children\":[{\"type\":\"gallery_item\",\"props\":{\"hover_image\":\"wp-content\\\/uploads\\\/2025\\\/04\\\/zkn-keurmerk.jpg\",\"image\":\"wp-content\\\/uploads\\\/2025\\\/04\\\/zkn-keurmerk-bw.jpg\"}},{\"type\":\"gallery_item\",\"props\":{\"hover_image\":\"wp-content\\\/uploads\\\/2025\\\/04\\\/logo-scas-geaccrediteerd.jpg\",\"image\":\"wp-content\\\/uploads\\\/2025\\\/04\\\/logo-scas-geaccrediteerd-bw.jpg\"}}],\"name\":\"keurmerken gallery\"}]},{\"type\":\"column\",\"props\":{\"image_position\":\"center-center\",\"position_sticky_breakpoint\":\"m\",\"width_medium\":\"3-4\"},\"children\":[{\"type\":\"headline\",\"props\":{\"content\":\"SI-gewrichtsinjectie\",\"content_en_us\":\"SI Joints injection\",\"title_element\":\"h1\"}},{\"type\":\"text\",\"props\":{\"column_breakpoint\":\"m\",\"content\":\"\n\n<p>U heeft last van pijn in uw onderrug. Uit onderzoek is gebleken dat een ge\\u00efrriteerd sacro-iliacaal (SI) gewricht in de wervelkolom deze pijn veroorzaakt. Om deze pijn te verlichten, heeft uw arts een injectie in het SI-gewricht voorgesteld. Op deze pagina leest u meer over deze behandeling.<\\\/p>\\n\n\n<h3>SI-gewrichten<\\\/h3>\",\"margin\":\"default\"}},{\"type\":\"fragment\",\"props\":{\"margin\":\"default\"},\"children\":[{\"type\":\"row\",\"props\":{\"layout\":\"3-4,1-4\"},\"children\":[{\"type\":\"column\",\"props\":{\"image_position\":\"center-center\",\"position_sticky_breakpoint\":\"m\",\"width_medium\":\"3-4\"},\"children\":[{\"type\":\"text\",\"props\":{\"column_breakpoint\":\"m\",\"content\":\"\n\n<p>De SI-gewrichten, ook wel heiligbeengewrichten genoemd, vormen de verbinding tussen het heiligbeen en het bekken en daarmee tussen de rug en de benen. De gewrichten bevinden zich onderin de rug, aan weerskanten van de wervelkolom. De gewrichten kunnen maar weinig bewegen, zodat rug en bekken vrij stevig met elkaar verbonden zijn. SI-gewrichten kunnen overbelast of ontstoken zijn.<\\\/p>\",\"content_en_us\":\"\n\n<h3>Si-Joints<\\\/h3>\\n\n\n<p>The sacroiliac joints (SI joints); also known as the sacrum joints, form the link between the sacrum and the pelvis, and as such between the back and legs. The joints are located in the lower back, on both sides of the spinal column. There is little movement in the joints, meaning the back and legs are firmly interlinked. SI joints can become overburdened or inflamed.<\\\/p>\",\"margin\":\"default\"}}]},{\"type\":\"column\",\"props\":{\"image_position\":\"center-center\",\"position_sticky_breakpoint\":\"m\",\"width_medium\":\"1-4\"},\"children\":[{\"type\":\"image\",\"props\":{\"image\":\"wp-content\\\/uploads\\\/2025\\\/04\\\/afb_sigi.jpg\",\"image_svg_color\":\"emphasis\",\"image_width\":160,\"margin\":\"default\"}}]}]}]},{\"type\":\"text\",\"props\":{\"column_breakpoint\":\"m\",\"content\":\"\n\n<h3>Doel van de behandeling<\\\/h3>\\n\n\n<p>Bij irritatie van het SI-gewricht kan de arts een injectie in het gewricht geven. De behandeling kan twee verschillende doelen hebben:<\\\/p>\\n\n\n<ul>\\n\n\n<li><b>Diagnostisch:<\\\/b><span>\\u00a0<\\\/span>de arts wil met de injectie uitzoeken of irritatie van het SI-gewricht de oorzaak is van uw pijnklachten. Het effect van de injectie is tijdelijk, dit betekent dat de injectie de pijnbron voor korte tijd uitschakelt.<\\\/li>\\n\n\n<li><b>Therapeutisch:<\\\/b><span>\\u00a0<\\\/span>als duidelijk is dat de pijnklachten afkomstig zijn van het gewricht, dan kan de arts proberen deze klachten met een injectie met corticostero\\u00efden te verminderen. Hierdoor neemt de pijn af en kunt u de oefeningen die nodig zijn om de functie van het gewricht te verbeteren, gemakkelijker uitvoeren.<\\\/li>\\n<\\\/ul>\\n\n\n<h3>Verloop van de behandeling<\\\/h3>\\n\n\n<p>U ligt op uw buik op de behandeltafel. Eerst ontsmet de arts uw huid, op de plaats waar u de injectie krijgt. Onder r\\u00f6ntgendoorlichting plaatst de arts een dun naaldje in het gewricht. Vervolgens spuit hij wat contrastvloeistof (Omnipaque) in om te controleren of de naald zich op de goede plaats in het gewricht bevindt. Als de behandeling om diagnostische redenen plaatsvindt, wordt vervolgens alleen een plaatselijk verdovingsmiddel (Lidoca\\u00efne 2%) ingespoten. Bij therapeutische behandeling spuit de arts een mengsel van een plaatselijk verdovingsmiddel (Xyloca\\u00efne 2%) en corticostero\\u00efden (Kenakort 20 mg) in.<\\\/p>\n\n<p><\\\/p>\",\"content_en_us\":\"\n\n<h3>TREATMENT OBJECTIVE<\\\/h3>\\n\n\n<p>Upon aggravation of the SI joint the medical practitioner can inject the joint. The treatment can have two objectives:\\u00a0<\\\/p>\\n\n\n<h5>Diagnostic:<\\\/h5>\\n\n\n<p>With the injection the medical practitioner wants to see whether the aggravated SI joint is the cause of your painful symptoms. The effect of the injection is temporary, which means that the injection temporarily eliminates the source of pain.<\\\/p>\\n\n\n<h5>Therapeutic:<\\\/h5>\\n\n\n<p>If it is clear that the painful symptoms derive from the joint, the medical practitioner can try to lessen these symptoms with an injection of corticosteroids. This will relieve the pain, which in turn will help you do the exercises necessary for improving the joint\\u2019s function.<\\\/p>\\n\n\n<h3>Treatment<\\\/h3>\",\"margin\":\"default\"}},{\"type\":\"fragment\",\"props\":{\"margin\":\"default\"},\"children\":[{\"type\":\"row\",\"props\":{\"layout\":\"1-2,1-2\"},\"children\":[{\"type\":\"column\",\"props\":{\"image_position\":\"center-center\",\"position_sticky_breakpoint\":\"m\",\"width_medium\":\"1-2\"},\"children\":[{\"type\":\"text\",\"props\":{\"column_breakpoint\":\"m\",\"content\":\"\n\n<h3>Duur van de behandeling<\\\/h3>\\n\n\n<p>De behandeling duurt ongeveer 15 minuten.<\\\/p>\\n\n\n<h3>Meer informatie<\\\/h3>\\n\n\n<p>Voor informatie over eventuele bijwerkingen en risico\\u2019s en overige aanwijzingen vragen wij u de informatie<span>\\u00a0<\\\/span><strong><a href=\\\"https:\\\/\\\/www.rugpoli.nl\\\/voor-uw-bezoek\\\" target=\\\"_blank\\\" rel=\\\"noopener\\\">\\\"Voor uw bezoek\\\"<\\\/a><\\\/strong><span>\\u00a0<\\\/span>en<span>\\u00a0<\\\/span><strong><a href=\\\"https:\\\/\\\/www.rugpoli.nl\\\/na-uw-behandeling\\\/na-een-injectie\\\" target=\\\"_blank\\\" rel=\\\"noopener\\\">\\\"Na uw behandeling\\\"<\\\/a><\\\/strong><span>\\u00a0<\\\/span>goed te lezen.<\\\/p>\",\"margin\":\"default\"}}]},{\"type\":\"column\",\"props\":{\"image_position\":\"center-center\",\"position_sticky_breakpoint\":\"m\",\"width_medium\":\"1-2\"},\"children\":[{\"type\":\"image\",\"props\":{\"image\":\"wp-content\\\/uploads\\\/2025\\\/04\\\/content_gewrichtsinjecties1.jpg\",\"image_svg_color\":\"emphasis\",\"margin\":\"default\"}}]}]}]}]}]}]}],\"version\":\"4.5.15\",\"yooessentialsVersion\":\"2.3.12\"} --><\/p>\n","protected":false},"excerpt":{"rendered":"<p>Informatie voor pati\u00ebnten SI-gewrichtsinjectie U heeft last van pijn in uw onderrug. Uit onderzoek is gebleken dat een ge\u00efrriteerd sacro-iliacaal (SI) gewricht in de wervelkolom deze pijn veroorzaakt. Om deze pijn te verlichten, heeft uw arts een injectie in het SI-gewricht voorgesteld. Op deze pagina leest u meer over deze behandeling. SI-gewrichten De SI-gewrichten, ook [&hellip;]<\/p>\n","protected":false},"author":1,"featured_media":0,"parent":339,"menu_order":0,"comment_status":"closed","ping_status":"closed","template":"","meta":{"_acf_changed":false,"_improvement_type_select":"improve_an_existing","_thumb_yes_seoaic":false,"_frame_yes_seoaic":false,"seoaic_generate_description":"","seoaic_improve_instructions_prompt":"","seoaic_rollback_content_improvement":"","seoaic_idea_thumbnail_generator":"","thumbnail_generated":false,"thumbnail_generate_prompt":"","seoaic_article_description":"","footnotes":""},"class_list":["post-297","page","type-page","status-publish","hentry"],"acf":[],"_links":{"self":[{"href":"https:\/\/rugpoli.nl\/en\/wp-json\/wp\/v2\/pages\/297","targetHints":{"allow":["GET"]}}],"collection":[{"href":"https:\/\/rugpoli.nl\/en\/wp-json\/wp\/v2\/pages"}],"about":[{"href":"https:\/\/rugpoli.nl\/en\/wp-json\/wp\/v2\/types\/page"}],"author":[{"embeddable":true,"href":"https:\/\/rugpoli.nl\/en\/wp-json\/wp\/v2\/users\/1"}],"replies":[{"embeddable":true,"href":"https:\/\/rugpoli.nl\/en\/wp-json\/wp\/v2\/comments?post=297"}],"version-history":[{"count":19,"href":"https:\/\/rugpoli.nl\/en\/wp-json\/wp\/v2\/pages\/297\/revisions"}],"predecessor-version":[{"id":1191,"href":"https:\/\/rugpoli.nl\/en\/wp-json\/wp\/v2\/pages\/297\/revisions\/1191"}],"up":[{"embeddable":true,"href":"https:\/\/rugpoli.nl\/en\/wp-json\/wp\/v2\/pages\/339"}],"wp:attachment":[{"href":"https:\/\/rugpoli.nl\/en\/wp-json\/wp\/v2\/media?parent=297"}],"curies":[{"name":"wp","href":"https:\/\/api.w.org\/{rel}","templated":true}]}}