{"id":323,"date":"2025-04-09T15:29:35","date_gmt":"2025-04-09T15:29:35","guid":{"rendered":"https:\/\/rugpoli.nl\/wp\/?page_id=323"},"modified":"2025-06-04T08:56:30","modified_gmt":"2025-06-04T08:56:30","slug":"na-een-injectie","status":"publish","type":"page","link":"https:\/\/rugpoli.nl\/en\/na-uw-behandeling\/na-een-injectie\/","title":{"rendered":"Na een injectie"},"content":{"rendered":"<h1>Informatie voor pati\u00ebnten<\/h1>\n<hr>\n<ul>\n<li>\n<p>        <img decoding=\"async\" src=\"\/wp\/wp-content\/uploads\/2025\/04\/zkn-keurmerk-bw.jpg\" alt=\"\"><\/p>\n<p><img decoding=\"async\" src=\"\/wp\/wp-content\/uploads\/2025\/04\/zkn-keurmerk.jpg\" alt><\/p>\n<\/li>\n<li>\n<p>        <img decoding=\"async\" src=\"\/wp\/wp-content\/uploads\/2025\/04\/logo-scas-geaccrediteerd-bw.jpg\" alt=\"\"><\/p>\n<p><img decoding=\"async\" src=\"\/wp\/wp-content\/uploads\/2025\/04\/logo-scas-geaccrediteerd.jpg\" alt><\/p>\n<\/li>\n<\/ul>\n<h1>Na een injectie<\/h1>\n<div>\n<p><em>U hebt vandaag een injectie gehad bij Rugpoli. Op deze pagina leest u informatie die van belang is na de behandeling.<\/em><\/p>\n<h3>Pijn na een diagnostische behandeling (met uitsluitend lokale verdovingsvloeistof)<\/h3>\n<p>Een lokale verdoving werkt een aantal uren. Nadat de lokale verdoving is uitgewerkt kan de pijn door de injectie, enkele dagen erger zijn.<\/p>\n<h3>Pijn na een therapeutische behandeling (met corticostero\u00efden)<\/h3>\n<p>Bij de injectie zijn er twee verschillende medicijnen gebruikt. Het eerste medicijn, een lokale verdoving, werkt een aantal uren. Het tweede medicijn, een corticostero\u00efd, werkt soms pas na drie tot tien dagen. Er kan dus een korte periode zijn nadat de lokale verdoving is uitgewerkt en voordat het effect van het corticostero\u00efd optreedt, waarin u feitelijk meer pijn voelt. Na de behandeling met corticostero\u00efden kunt u\u00a0uw overige medicatie\u00a0blijven gebruiken.<\/p>\n<h3>Bijwerkingen<\/h3>\n<p>Sommige mensen hebben na de behandeling met inspuiting van corticostero\u00efden last van \u00e9\u00e9n of meerdere van onderstaande bijwerkingen:<\/p>\n<ul>\n<li>Tijdelijke zwakte been( verdwijnt meestal na 20 \u2013 60 minuten)<\/li>\n<li>Roodheid, rood hoofd<\/li>\n<li>Hoofdpijn<\/li>\n<li>Verhoging van de bloedsuikerwaarden<\/li>\n<li>Hartkloppingen<\/li>\n<li>Eventueel vaginaal bloedverlies (tijdelijk)<\/li>\n<li>Bloeding in het centrale zenuwstelsel (zeer zeldzaam)<\/li>\n<\/ul>\n<p><strong>Altijd, ook buiten openingstijden, contact (laten) opnemen met de praktijk als u last krijgt van:<\/strong><\/p>\n<ul>\n<li>Onverwachte dan wel hinderlijke klachten welke niet reeds eerder door de arts of via het informatiemateriaal aan u gemeld zijn<\/li>\n<li>Forse toename van de pijnklachten zoals zenuwuitval of gevoelsstoornis<\/li>\n<li>Uren na de prik toenemend krachtsverlies (been of arm)<\/li>\n<li>Blaasfunctiestoornis\/niet kunnen plassen<\/li>\n<li>Bewustzijnsstoornissen<\/li>\n<\/ul>\n<h2>Algemene complicaties<\/h2>\n<h3>Infectiegevaar<\/h3>\n<p>Bij elke injectie bestaat het gevaar voor infectie. Daarom besteden we veel aandacht aan steriliteit. Materiaal wordt slechts eenmalig gebruikt. Ook vermengen we, indien nodig, bij enkele injecties antibiotica in de medicatie om een infectie te voorkomen.<\/p>\n<h3>Bloeding<\/h3>\n<p>Een injectie kan plaatselijk een bloeding veroorzaken, het risico hierop is heel klein en voor ieder type injectie verschillend.\u00a0 Daarom vragen wij u met uw arts te overleggen indien u bloedverdunners gebruikt waarvoor u bij de Trombosedienst onder controle staat.\u00a0<\/p>\n<h3>Overgevoeligheidsreacties<\/h3>\n<p>Rode vlekjes, jeuk. Dit heeft te maken met overgevoeligheid voor een van de stoffen die gebruikt wordt voor de injectie. Het is van voorbijgaande aard (2-5 dagen).<\/p>\n<h3>Allergische reacties<\/h3>\n<p>Er kan een allergische reactie optreden bij de toegediende medicatie. Dit is zeer zeldzaam. Bij Rugpoli kunnen we een dergelijke allergische reactie adequaat behandelen.<\/p>\n<h2>Autorijden<\/h2>\n<p>De dag van de behandeling met een injectie mag u niet zelf deelnemen aan het verkeer. Laat u daarom naar huis brengen door een begeleider.<\/p>\n<h2>Activiteiten en werkzaamheden<\/h2>\n<p>Na een behandeling met een injectie raden wij u aan de werkzaamheden die uw klachten verergerden te vermijden gedurende 2 weken.<\/p>\n<p>Voor spoedgevallen is de kliniek buiten kantooruren telefonisch bereikbaar. U belt het gewone nummer:<\/p>\n<p><strong>Rugpoli Twente<\/strong><br \/>Telefoon: 074 \u2013 376 20 14<\/p>\n<p><strong>Rugpoli Veluwe<\/strong><br \/>Telefoon: 026 \u2013 361 66 07<\/p>\n<p><strong>Rugpoli Brabant<\/strong><br \/>Telefoon: 013 \u2013 763 04 10<\/p>\n<p><strong>Rugpoli Randstad<\/strong><br \/>Telefoon: 023 \u2013 529 11 40<\/p>\n<p><strong>Rugpoli Hofstad<\/strong><br \/>Telefoon: 085 \u2013 105 51 55<\/p>\n<\/div>\n<p><!--more--><br \/>\n<!-- {\"type\":\"layout\",\"children\":[{\"type\":\"section\",\"props\":{\"header_transparent\":true,\"header_transparent_noplaceholder\":true,\"image\":\"wp-content\\\/uploads\\\/2025\\\/04\\\/home-spreekkamer.jpg\",\"image_position\":\"center-center\",\"image_size\":\"cover\",\"padding\":\"small\",\"style\":\"default\",\"text_color\":\"light\",\"title_breakpoint\":\"xl\",\"title_position\":\"top-left\",\"title_rotation\":\"left\",\"vertical_align\":\"middle\",\"width\":\"default\"},\"children\":[{\"type\":\"row\",\"children\":[{\"type\":\"column\",\"props\":{\"image_position\":\"center-center\",\"position_sticky_breakpoint\":\"m\"}}]}],\"name\":\"Groen menu\"},{\"type\":\"section\",\"props\":{\"image_position\":\"center-center\",\"style\":\"default\",\"title_breakpoint\":\"xl\",\"title_position\":\"top-left\",\"title_rotation\":\"left\",\"vertical_align\":\"middle\",\"width\":\"default\"},\"children\":[{\"type\":\"row\",\"props\":{\"layout\":\"1-4,3-4\"},\"children\":[{\"type\":\"column\",\"props\":{\"image_position\":\"center-center\",\"position_sticky_breakpoint\":\"m\",\"width_medium\":\"1-4\"},\"children\":[{\"type\":\"headline\",\"props\":{\"content\":\"Informatie voor pati\\u00ebnten\",\"title_element\":\"h1\",\"title_style\":\"h3\"}},{\"type\":\"module\",\"props\":{\"menu_divider\":true,\"menu_image_align\":\"center\",\"menu_image_margin\":true,\"menu_style\":\"default\",\"menu_type\":\"nav\",\"type\":\"nav_menu\",\"widget\":\"nav_menu-3\"}},{\"type\":\"search\",\"props\":{\"margin\":\"medium\"}},{\"type\":\"divider\",\"props\":{\"divider_element\":\"hr\",\"divider_style\":\"icon\"}},{\"type\":\"gallery\",\"props\":{\"filter_align\":\"left\",\"filter_all\":true,\"filter_grid_breakpoint\":\"m\",\"filter_grid_width\":\"auto\",\"filter_position\":\"top\",\"filter_style\":\"tab\",\"grid_column_align\":false,\"grid_column_gap\":\"collapse\",\"grid_default\":\"2\",\"grid_medium\":\"2\",\"grid_row_align\":false,\"grid_row_gap\":\"collapse\",\"grid_small\":\"2\",\"image_transition\":\"scale-up\",\"item_animation\":true,\"lightbox_bg_close\":true,\"link_style\":\"default\",\"link_text\":\"Read more\",\"margin\":\"medium\",\"margin_remove_bottom\":false,\"meta_align\":\"below-title\",\"meta_element\":\"div\",\"meta_style\":\"text-meta\",\"overlay_hover\":false,\"overlay_mode\":\"cover\",\"overlay_padding\":\"none\",\"overlay_position\":\"center\",\"overlay_style\":\"\",\"overlay_transition\":\"fade\",\"parallax_easing\":\"1\",\"show_content\":true,\"show_hover_image\":true,\"show_hover_video\":true,\"show_link\":true,\"show_meta\":true,\"show_title\":true,\"text_align\":\"\",\"text_color\":\"light\",\"title_element\":\"h3\",\"title_hover_style\":\"reset\"},\"children\":[{\"type\":\"gallery_item\",\"props\":{\"hover_image\":\"wp-content\\\/uploads\\\/2025\\\/04\\\/zkn-keurmerk.jpg\",\"image\":\"wp-content\\\/uploads\\\/2025\\\/04\\\/zkn-keurmerk-bw.jpg\"}},{\"type\":\"gallery_item\",\"props\":{\"hover_image\":\"wp-content\\\/uploads\\\/2025\\\/04\\\/logo-scas-geaccrediteerd.jpg\",\"image\":\"wp-content\\\/uploads\\\/2025\\\/04\\\/logo-scas-geaccrediteerd-bw.jpg\"}}],\"name\":\"keurmerken gallery\"}]},{\"type\":\"column\",\"props\":{\"image_position\":\"center-center\",\"position_sticky_breakpoint\":\"m\",\"width_medium\":\"3-4\"},\"children\":[{\"type\":\"headline\",\"props\":{\"content\":\"Na een injectie\",\"content_en_us\":\"After an injection\",\"title_element\":\"h1\"}},{\"type\":\"text\",\"props\":{\"column_breakpoint\":\"m\",\"content\":\"\n\n<p><em>U hebt vandaag een injectie gehad bij Rugpoli. Op deze pagina leest u informatie die van belang is na de behandeling.<\\\/em><\\\/p>\\n\n\n<h3>Pijn na een diagnostische behandeling (met uitsluitend lokale verdovingsvloeistof)<\\\/h3>\\n\n\n<p>Een lokale verdoving werkt een aantal uren. Nadat de lokale verdoving is uitgewerkt kan de pijn door de injectie, enkele dagen erger zijn.<\\\/p>\\n\n\n<h3>Pijn na een therapeutische behandeling (met corticostero\\u00efden)<\\\/h3>\\n\n\n<p>Bij de injectie zijn er twee verschillende medicijnen gebruikt. Het eerste medicijn, een lokale verdoving, werkt een aantal uren. Het tweede medicijn, een corticostero\\u00efd, werkt soms pas na drie tot tien dagen. Er kan dus een korte periode zijn nadat de lokale verdoving is uitgewerkt en voordat het effect van het corticostero\\u00efd optreedt, waarin u feitelijk meer pijn voelt. Na de behandeling met corticostero\\u00efden kunt u\\u00a0uw overige medicatie\\u00a0blijven gebruiken.<\\\/p>\\n\n\n<h3>Bijwerkingen<\\\/h3>\\n\n\n<p>Sommige mensen hebben na de behandeling met inspuiting van corticostero\\u00efden last van \\u00e9\\u00e9n of meerdere van onderstaande bijwerkingen:<\\\/p>\\n\n\n<ul>\\n\n\n<li>Tijdelijke zwakte been( verdwijnt meestal na 20 \\u2013 60 minuten)<\\\/li>\\n\n\n<li>Roodheid, rood hoofd<\\\/li>\\n\n\n<li>Hoofdpijn<\\\/li>\\n\n\n<li>Verhoging van de bloedsuikerwaarden<\\\/li>\\n\n\n<li>Hartkloppingen<\\\/li>\\n\n\n<li>Eventueel vaginaal bloedverlies (tijdelijk)<\\\/li>\\n\n\n<li>Bloeding in het centrale zenuwstelsel (zeer zeldzaam)<\\\/li>\\n<\\\/ul>\\n\n\n<p><strong>Altijd, ook buiten openingstijden, contact (laten) opnemen met de praktijk als u last krijgt van:<\\\/strong><\\\/p>\\n\n\n<ul>\\n\n\n<li>Onverwachte dan wel hinderlijke klachten welke niet reeds eerder door de arts of via het informatiemateriaal aan u gemeld zijn<\\\/li>\\n\n\n<li>Forse toename van de pijnklachten zoals zenuwuitval of gevoelsstoornis<\\\/li>\\n\n\n<li>Uren na de prik toenemend krachtsverlies (been of arm)<\\\/li>\\n\n\n<li>Blaasfunctiestoornis\\\/niet kunnen plassen<\\\/li>\\n\n\n<li>Bewustzijnsstoornissen<\\\/li>\\n<\\\/ul>\\n\n\n<h2>Algemene complicaties<\\\/h2>\\n\n\n<h3>Infectiegevaar<\\\/h3>\\n\n\n<p>Bij elke injectie bestaat het gevaar voor infectie. Daarom besteden we veel aandacht aan steriliteit. Materiaal wordt slechts eenmalig gebruikt. Ook vermengen we, indien nodig, bij enkele injecties antibiotica in de medicatie om een infectie te voorkomen.<\\\/p>\\n\n\n<h3>Bloeding<\\\/h3>\\n\n\n<p>Een injectie kan plaatselijk een bloeding veroorzaken, het risico hierop is heel klein en voor ieder type injectie verschillend.\\u00a0 Daarom vragen wij u met uw arts te overleggen indien u bloedverdunners gebruikt waarvoor u bij de Trombosedienst onder controle staat.\\u00a0<\\\/p>\\n\n\n<h3>Overgevoeligheidsreacties<\\\/h3>\\n\n\n<p>Rode vlekjes, jeuk. Dit heeft te maken met overgevoeligheid voor een van de stoffen die gebruikt wordt voor de injectie. Het is van voorbijgaande aard (2-5 dagen).<\\\/p>\\n\n\n<h3>Allergische reacties<\\\/h3>\\n\n\n<p>Er kan een allergische reactie optreden bij de toegediende medicatie. Dit is zeer zeldzaam. Bij Rugpoli kunnen we een dergelijke allergische reactie adequaat behandelen.<\\\/p>\\n\n\n<h2>Autorijden<\\\/h2>\\n\n\n<p>De dag van de behandeling met een injectie mag u niet zelf deelnemen aan het verkeer. Laat u daarom naar huis brengen door een begeleider.<\\\/p>\\n\n\n<h2>Activiteiten en werkzaamheden<\\\/h2>\\n\n\n<p>Na een behandeling met een injectie raden wij u aan de werkzaamheden die uw klachten verergerden te vermijden gedurende 2 weken.<\\\/p>\\n\n\n<p>Voor spoedgevallen is de kliniek buiten kantooruren telefonisch bereikbaar. U belt het gewone nummer:<br \\\/><br \\\/><strong>Rugpoli Twente<\\\/strong><br \\\/>Telefoon: 074 \\u2013 376 20 14<br \\\/><br \\\/><strong>Rugpoli Veluwe<\\\/strong><br \\\/>Telefoon: 026 \\u2013 361 66 07<br \\\/><br \\\/><strong>Rugpoli Brabant<\\\/strong><br \\\/>Telefoon: 013 \\u2013 763 04 10<\\\/p>\\n\n\n<p><strong>Rugpoli Randstad<\\\/strong><br \\\/>Telefoon: 023 \\u2013 529 11 40<\\\/p>\\n\n\n<p><strong>Rugpoli Hofstad<\\\/strong><br \\\/>Telefoon: 085 \\u2013 105 51 55<\\\/p>\",\"content_en_us\":\"\n\n<p><em>Today you had an injection administered at the Rugpoli. On this page we provide important post-treatment information<\\\/em><\\\/p>\\n\n\n<h3>Pain after diagnostic treatment ( just with a local anaesthetic)<\\\/h3>\\n\n\n<p>The injection may cause the pain to worsen for a few days.<\\\/p>\\n\n\n<h3>Pain after therapeutic treatment ( with corticosteroids)<\\\/h3>\\n\n\n<p>Two different medicines are used in the injection. The first medicine, a local anaesthetic, works for a few hours. The second medicine, a corticosteroid, sometimes only kicks in after three to ten days. There can therefore be a short period after the local anaesthetic has worn off and before the effects of the corticosteroid kicks in, during which you actually feel more pain. After treatment with corticosteroid you do not need to take any anti-inflammatories such as Diclofenac, Ibuprofen or Arcoxia Naproxen. You can continue to take other medication.<br \\\/><br \\\/><\\\/p>\\n\n\n<h3>Side effects<\\\/h3>\\n\n\n<p><span>Injection with corticosteroid:<\\\/span><\\\/p>\\n\n\n<ul>\\n\n\n<li>Pain where the injection was made; this usually disappears after 2-3 days<\\\/li>\\n\n\n<li>Redness (head)<\\\/li>\\n\n\n<li>Headache<\\\/li>\\n\n\n<li>Increase in blood sugar levels<\\\/li>\\n\n\n<li>Cardiac palpitations<\\\/li>\\n\n\n<li>Vaginal blood loss (temporary)<\\\/li>\\n<\\\/ul>\\n\n\n<p><span>These side effects are bothersome but not dangerous. They will disappear after around 3 days.<\\\/span><\\\/p>\\n\n\n<h1>General complications<\\\/h1>\\n\n\n<h5>Danger of infection<\\\/h5>\\n\n\n<p>With any injection there is a danger of infection. This is why we deem sterility as vital. Materials are only used once. If necessary, we mix antibiotics in with the medicines for a few injections, in order to prevent infection.<\\\/p>\\n\n\n<h5>Bleeding<\\\/h5>\\n\n\n<p>An injection can cause topical bleeding. This is why the use of anticoagulants must be known to the medical practitioner.\\u00a0Your usage will be discussed with you prior to your treatment with your Rugpoli medical practitioner when using anticagulants for which you go to the Thrombosis Service.<\\\/p>\\n\n\n<h5>Over-sensitivity<\\\/h5>\\n\n\n<p>Red blotches, itchiness: this is caused by over-sensitivity to one of the substances used in the injection. The reaction is temporary (2-5 days).<\\\/p>\\n\n\n<h5>Allergic reaction<\\\/h5>\\n\n\n<p>An allergic reaction to the administered medication can occur. It is very rare, but we have all the necessary equipment on hand at the Rugpoli clinics for such an emergency.<\\\/p>\\n\n\n<h3>Driving your car<\\\/h3>\\n\n\n<p>After an injection treatment you cannot drive your car. You must therefore arrange for someone to drive you home<\\\/p>\\n\n\n<h3>When to contact us<\\\/h3>\\n\n\n<p>You, or someone on your behalf, must contact the Rugpoli immediately if the following symptoms occur:<\\\/p>\\n\n\n<ul>\\n\n\n<li>Unexpected or bothersome symptoms which either the medical practitioner or the information pack didn\\u2019t inform you of, for example: a considerable increase in pain, nerve failure or disturbance of consciousness.<\\\/li>\\n\n\n<li>Any of the aformentionend complications<\\\/li>\\n<\\\/ul>\\n\n\n<p>The clinic can be contacted outside of business hours for urgent cases on the usual number:<br \\\/><br \\\/><strong>Rugpoli Twente<\\\/strong><br \\\/>Telefoon: 074 \\u2013 376 20 14<br \\\/><br \\\/><strong>Rugpoli Veluwe<\\\/strong><br \\\/>Telefoon: 026 \\u2013 361 66 07<br \\\/><br \\\/><strong>Rugpoli Brabant<\\\/strong><br \\\/>Telefoon: 013 \\u2013 763 04 10<\\\/p>\\n\n\n<p><strong>Rugpoli Randstad<\\\/strong><\\\/p>\\n\n\n<p>Telefoon: 023 \\u2013 529 11 40<\\\/p>\",\"margin\":\"default\"}}]}]}]}],\"version\":\"4.5.13\",\"yooessentialsVersion\":\"2.3.11\"} --><\/p>\n","protected":false},"excerpt":{"rendered":"<p>Informatie voor pati\u00ebnten Na een injectie U hebt vandaag een injectie gehad bij Rugpoli. Op deze pagina leest u informatie die van belang is na de behandeling. Pijn na een diagnostische behandeling (met uitsluitend lokale verdovingsvloeistof) Een lokale verdoving werkt een aantal uren. Nadat de lokale verdoving is uitgewerkt kan de pijn door de injectie, [&hellip;]<\/p>\n","protected":false},"author":1,"featured_media":0,"parent":342,"menu_order":0,"comment_status":"closed","ping_status":"closed","template":"","meta":{"_acf_changed":false,"_improvement_type_select":"improve_an_existing","_thumb_yes_seoaic":false,"_frame_yes_seoaic":false,"seoaic_generate_description":"","seoaic_improve_instructions_prompt":"","seoaic_rollback_content_improvement":"","seoaic_idea_thumbnail_generator":"","thumbnail_generated":false,"thumbnail_generate_prompt":"","seoaic_article_description":"","footnotes":""},"class_list":["post-323","page","type-page","status-publish","hentry"],"acf":[],"_links":{"self":[{"href":"https:\/\/rugpoli.nl\/en\/wp-json\/wp\/v2\/pages\/323","targetHints":{"allow":["GET"]}}],"collection":[{"href":"https:\/\/rugpoli.nl\/en\/wp-json\/wp\/v2\/pages"}],"about":[{"href":"https:\/\/rugpoli.nl\/en\/wp-json\/wp\/v2\/types\/page"}],"author":[{"embeddable":true,"href":"https:\/\/rugpoli.nl\/en\/wp-json\/wp\/v2\/users\/1"}],"replies":[{"embeddable":true,"href":"https:\/\/rugpoli.nl\/en\/wp-json\/wp\/v2\/comments?post=323"}],"version-history":[{"count":9,"href":"https:\/\/rugpoli.nl\/en\/wp-json\/wp\/v2\/pages\/323\/revisions"}],"predecessor-version":[{"id":1254,"href":"https:\/\/rugpoli.nl\/en\/wp-json\/wp\/v2\/pages\/323\/revisions\/1254"}],"up":[{"embeddable":true,"href":"https:\/\/rugpoli.nl\/en\/wp-json\/wp\/v2\/pages\/342"}],"wp:attachment":[{"href":"https:\/\/rugpoli.nl\/en\/wp-json\/wp\/v2\/media?parent=323"}],"curies":[{"name":"wp","href":"https:\/\/api.w.org\/{rel}","templated":true}]}}