{"id":465,"date":"2025-04-09T18:07:51","date_gmt":"2025-04-09T18:07:51","guid":{"rendered":"https:\/\/rugpoli.nl\/wp\/?page_id=465"},"modified":"2026-02-20T13:52:01","modified_gmt":"2026-02-20T13:52:01","slug":"uitkomsten-zorg","status":"publish","type":"page","link":"https:\/\/rugpoli.nl\/en\/uitkomsten-zorg\/","title":{"rendered":"Uitkomsten zorg"},"content":{"rendered":"<h1>Uitkomsten van onze zorg (2025)<\/h1>\n<div>\n<p>Rugpoli levert al ruim 20 jaar zorg aan mensen met klachten aan het bewegingsapparaat, zoals rug- en nekklachten. Uit ervaring kunnen we zeggen dat onze behandelingen goed resultaat behalen. Om de kwaliteit van onze zorg te blijven continueren en controleren, voert Rugpoli continu onderzoek uit naar de uitkomsten van onze zorg. Wij vragen alle nieuwe pati\u00ebnten om gedurende \u00e9\u00e9n jaar vier vragenlijsten in te vullen; voor de start van de behandeling en na drie, zes en twaalf maanden. De antwoorden in deze vragenlijsten worden gekoppeld aan de diagnoses van de pati\u00ebnten uit het medisch dossier en hieronder geanonimiseerd gepresenteerd.<\/p>\n<p>De uitkomsten van onze zorg meten wij met gevalideerde en gestandaardiseerde vragenlijsten. Dit betekent dat de vragenlijst meet wat het moet meten en dat we dit bij elke pati\u00ebnt op dezelfde manier uitvragen. Hierdoor kunnen we goede vergelijkingen maken. In de volgende grafieken wordt onderscheid gemaakt tussen pati\u00ebnten met rug- en\/of beenklachten en pati\u00ebnten met nek- en\/of armklachten.<\/p>\n<h3>Pati\u00ebnten met rug- en\/of beenklachten<\/h3>\n<p>De uitkomsten van zorg voor pati\u00ebnten met rug- en\/of beenklachten worden gemeten twee vragenlijsten. Beperking wordt gemeten met de Oswestry Disability Index en pijn d.m.v. een cijfer van 0 tot 10. Hoe hoger het cijfer, hoe heviger de beperking of pijn. Voor beperking is een vermindering van 1,2 punten klinisch relevant en voor pijn is dit 2,0 punten. In het onderstaande staafdiagram zijn de gemiddelde resultaten van 1094 pati\u00ebnten met lage rugklachten (lumbago) af te lezen voor de ontwikkeling van beperking en rugpijn gedurende een jaar.<\/p>\n<\/div>\n<p><img decoding=\"async\" src=\"\/wp-content\/uploads\/2026\/02\/Lumbago-2025.jpg\" alt=\"\"><\/p>\n<div>\n<p>Het staafdiagram laat zien dat de beperking gemiddeld afneemt met 1,2 punten, de gemiddelde rugpijn met 2,8 punten en de ergste rugpijn met 2,9 punten. Ook valt op dat het meeste resultaat behaald wordt binnen de eerste drie maanden van de behandeling.<\/p>\n<p>In het volgende staafdiagram zijn de gemiddelde resultaten van 1624 pati\u00ebnten met lage rugklachten en uitstraling (lumbaal radiculair syndroom) af te lezen voor de ontwikkeling van beperking, rugpijn en beenpijn gedurende een jaar.<\/p>\n<\/div>\n<p><img decoding=\"async\" src=\"\/wp-content\/uploads\/2026\/02\/LRS-2025.jpg\" alt=\"\"><\/p>\n<div>\n<p>Het staafdiagram laat zien dat de beperking gemiddeld afneemt met 2,1 punten, de gemiddelde rugpijn met 2,7 punten, de ergste rugpijn met 3,0 punten, de gemiddelde beenpijn met 4,0 punten en de ergste beenpijn met 4,4 punten. Ook hier wordt het meeste effect behaald binnen de eerste drie maanden van de behandeling.<\/p>\n<h3>Pati\u00ebnten met nek- en\/of armklachten<\/h3>\n<p>De uitkomsten van zorg voor pati\u00ebnten met nek- en\/of armklachten worden gemeten twee vragenlijsten. Beperking wordt gemeten met de Neck Disability Index en pijn d.m.v. een cijfer van 0 tot 10. Hoe hoger het cijfer, hoe heviger de beperking of pijn. Voor beperking is een vermindering van 1,0 punten klinisch relevant en voor nekpijn is dit 2,0 punten. In het onderstaande staafdiagram zijn de gemiddelde resultaten van 257 pati\u00ebnten met nekklachten af te lezen voor de ontwikkeling van beperking en nekpijn gedurende een jaar.<\/p>\n<\/div>\n<p><img decoding=\"async\" src=\"\/wp-content\/uploads\/2026\/02\/Nekpijn-2025.jpg\" alt=\"\"><\/p>\n<div>\n<p>Het staafdiagram laat zien dat de beperking gemiddeld afneemt met 0,9 punten, de gemiddelde nekpijn met 2,5 punten en de ergste nekpijn met 2,7 punten. Het meeste resultaat wordt behaald binnen de eerste drie maanden van de behandeling.<\/p>\n<p>In het volgende staafdiagram zijn de gemiddelde resultaten van 247 pati\u00ebnten af te lezen voor de ontwikkeling van beperking, nekpijn en armpijn gedurende een jaar.<\/p>\n<\/div>\n<p><img decoding=\"async\" src=\"\/wp-content\/uploads\/2026\/02\/CRS-2025.jpg\" alt=\"\"><\/p>\n<div>\n<p>Het staafdiagram laat zien dat de beperking gemiddeld afneemt met 1,5 punten, de gemiddelde nekpijn met 2,6 punten, de ergste nekpijn met 2,8 punten, de gemiddelde armpijn met 4,0 punten en de ergste armpijn met 4,6 punten. Ook hier wordt wederom het meeste effect behaald binnen de eerste drie maanden van de behandeling.<\/p>\n<\/div>\n<div>\n<h3>Pati\u00ebnttevredenheid<\/h3>\n<p>De deelnemende pati\u00ebnten hebben in de vragenlijsten ook aangegeven hoe tevreden zij zijn met de zorg die Rugpoli levert. Hierbij gaat het niet alleen over het resultaat van de behandeling, maar ook over bijvoorbeeld onze informatievoorziening, de bejegening door ons medisch en ondersteunend personeel, de hygi\u00ebne in de kliniek, samen beslissen over de behandeling en adviezen voor thuis. Het percentage is de tevredenheid met onze zorg na drie, zes en twaalf maanden na de start van de behandeling.<\/p>\n<\/div>\n<p><img decoding=\"async\" src=\"\/wp-content\/uploads\/2026\/02\/ThumbsUp-2025.jpg\" alt=\"\"><\/p>\n<p><!--more--><br \/>\n<!-- {\"type\":\"layout\",\"children\":[{\"type\":\"section\",\"props\":{\"header_transparent\":true,\"header_transparent_noplaceholder\":true,\"image\":\"wp-content\\\/uploads\\\/2025\\\/04\\\/home-spreekkamer.jpg\",\"image_position\":\"center-center\",\"image_size\":\"cover\",\"padding\":\"small\",\"style\":\"default\",\"text_color\":\"light\",\"title_breakpoint\":\"xl\",\"title_position\":\"top-left\",\"title_rotation\":\"left\",\"vertical_align\":\"middle\",\"width\":\"default\"},\"children\":[{\"type\":\"row\",\"children\":[{\"type\":\"column\",\"props\":{\"image_position\":\"center-center\",\"position_sticky_breakpoint\":\"m\"}}]}],\"name\":\"Groen menu\"},{\"type\":\"section\",\"props\":{\"image_position\":\"center-center\",\"style\":\"default\",\"title_breakpoint\":\"xl\",\"title_position\":\"top-left\",\"title_rotation\":\"left\",\"vertical_align\":\"middle\",\"width\":\"small\"},\"children\":[{\"type\":\"row\",\"children\":[{\"type\":\"column\",\"props\":{\"image_position\":\"center-center\",\"position_sticky_breakpoint\":\"m\"},\"children\":[{\"type\":\"headline\",\"props\":{\"content\":\"Uitkomsten van onze zorg (2025)\",\"title_element\":\"h1\"}},{\"type\":\"text\",\"props\":{\"column_breakpoint\":\"m\",\"content\":\"\n\n<p>Rugpoli levert al ruim 20 jaar zorg aan mensen met klachten aan het bewegingsapparaat, zoals rug- en nekklachten. Uit ervaring kunnen we zeggen dat onze behandelingen goed resultaat behalen. Om de kwaliteit van onze zorg te blijven continueren en controleren, voert Rugpoli continu onderzoek uit naar de uitkomsten van onze zorg. Wij vragen alle nieuwe pati\\u00ebnten om gedurende \\u00e9\\u00e9n jaar vier vragenlijsten in te vullen; voor de start van de behandeling en na drie, zes en twaalf maanden. De antwoorden in deze vragenlijsten worden gekoppeld aan de diagnoses van de pati\\u00ebnten uit het medisch dossier en hieronder geanonimiseerd gepresenteerd.<\\\/p>\\n\n\n<p>De uitkomsten van onze zorg meten wij met gevalideerde en gestandaardiseerde vragenlijsten. Dit betekent dat de vragenlijst meet wat het moet meten en dat we dit bij elke pati\\u00ebnt op dezelfde manier uitvragen. Hierdoor kunnen we goede vergelijkingen maken. In de volgende grafieken wordt onderscheid gemaakt tussen pati\\u00ebnten met rug- en\\\/of beenklachten en pati\\u00ebnten met nek- en\\\/of armklachten.<\\\/p>\\n\n\n<h3>Pati\\u00ebnten met rug- en\\\/of beenklachten<\\\/h3>\\n\n\n<p>De uitkomsten van zorg voor pati\\u00ebnten met rug- en\\\/of beenklachten worden gemeten twee vragenlijsten. Beperking wordt gemeten met de Oswestry Disability Index en pijn d.m.v. een cijfer van 0 tot 10. Hoe hoger het cijfer, hoe heviger de beperking of pijn. Voor beperking is een vermindering van 1,2 punten klinisch relevant en voor pijn is dit 2,0 punten. In het onderstaande staafdiagram zijn de gemiddelde resultaten van 1094 pati\\u00ebnten met lage rugklachten (lumbago) af te lezen voor de ontwikkeling van beperking en rugpijn gedurende een jaar.<\\\/p>\",\"margin\":\"default\"}},{\"type\":\"image\",\"props\":{\"image\":\"wp-content\\\/uploads\\\/2026\\\/02\\\/Lumbago-2025.jpg\",\"image_svg_color\":\"emphasis\",\"margin\":\"medium\"}},{\"type\":\"text\",\"props\":{\"column_breakpoint\":\"m\",\"content\":\"\n\n<p>Het staafdiagram laat zien dat de beperking gemiddeld afneemt met 1,2 punten, de gemiddelde rugpijn met 2,8 punten en de ergste rugpijn met 2,9 punten. Ook valt op dat het meeste resultaat behaald wordt binnen de eerste drie maanden van de behandeling.<\\\/p>\\n\n\n<p>In het volgende staafdiagram zijn de gemiddelde resultaten van 1624 pati\\u00ebnten met lage rugklachten en uitstraling (lumbaal radiculair syndroom) af te lezen voor de ontwikkeling van beperking, rugpijn en beenpijn gedurende een jaar.<\\\/p>\",\"margin\":\"default\"}},{\"type\":\"image\",\"props\":{\"image\":\"wp-content\\\/uploads\\\/2026\\\/02\\\/LRS-2025.jpg\",\"image_svg_color\":\"emphasis\",\"margin\":\"medium\"}},{\"type\":\"text\",\"props\":{\"column_breakpoint\":\"m\",\"content\":\"\n\n<p>Het staafdiagram laat zien dat de beperking gemiddeld afneemt met 2,1 punten, de gemiddelde rugpijn met 2,7 punten, de ergste rugpijn met 3,0 punten, de gemiddelde beenpijn met 4,0 punten en de ergste beenpijn met 4,4 punten. Ook hier wordt het meeste effect behaald binnen de eerste drie maanden van de behandeling.<\\\/p>\\n\n\n<h3>Pati\\u00ebnten met nek- en\\\/of armklachten<\\\/h3>\\n\n\n<p>De uitkomsten van zorg voor pati\\u00ebnten met nek- en\\\/of armklachten worden gemeten twee vragenlijsten. Beperking wordt gemeten met de Neck Disability Index en pijn d.m.v. een cijfer van 0 tot 10. Hoe hoger het cijfer, hoe heviger de beperking of pijn. Voor beperking is een vermindering van 1,0 punten klinisch relevant en voor nekpijn is dit 2,0 punten. In het onderstaande staafdiagram zijn de gemiddelde resultaten van 257 pati\\u00ebnten met nekklachten af te lezen voor de ontwikkeling van beperking en nekpijn gedurende een jaar.<\\\/p>\",\"margin\":\"default\"}},{\"type\":\"image\",\"props\":{\"image\":\"wp-content\\\/uploads\\\/2026\\\/02\\\/Nekpijn-2025.jpg\",\"image_svg_color\":\"emphasis\",\"margin\":\"medium\"}},{\"type\":\"text\",\"props\":{\"column_breakpoint\":\"m\",\"content\":\"\n\n<p>Het staafdiagram laat zien dat de beperking gemiddeld afneemt met 0,9 punten, de gemiddelde nekpijn met 2,5 punten en de ergste nekpijn met 2,7 punten. Het meeste resultaat wordt behaald binnen de eerste drie maanden van de behandeling.<\\\/p>\\n\n\n<p>In het volgende staafdiagram zijn de gemiddelde resultaten van 247 pati\\u00ebnten af te lezen voor de ontwikkeling van beperking, nekpijn en armpijn gedurende een jaar.<\\\/p>\",\"margin\":\"default\"}},{\"type\":\"image\",\"props\":{\"image\":\"wp-content\\\/uploads\\\/2026\\\/02\\\/CRS-2025.jpg\",\"image_svg_color\":\"emphasis\",\"margin\":\"medium\"}},{\"type\":\"text\",\"props\":{\"column_breakpoint\":\"m\",\"content\":\"\n\n<p>Het staafdiagram laat zien dat de beperking gemiddeld afneemt met 1,5 punten, de gemiddelde nekpijn met 2,6 punten, de ergste nekpijn met 2,8 punten, de gemiddelde armpijn met 4,0 punten en de ergste armpijn met 4,6 punten. Ook hier wordt wederom het meeste effect behaald binnen de eerste drie maanden van de behandeling.<\\\/p>\",\"margin\":\"default\"}},{\"type\":\"fragment\",\"props\":{\"margin\":\"default\"},\"children\":[{\"type\":\"row\",\"props\":{\"layout\":\"2-3,1-3\"},\"children\":[{\"type\":\"column\",\"props\":{\"image_position\":\"center-center\",\"position_sticky_breakpoint\":\"m\",\"width_medium\":\"2-3\"},\"children\":[{\"type\":\"text\",\"props\":{\"column_breakpoint\":\"m\",\"content\":\"\\n\n\n<h3>Pati\\u00ebnttevredenheid<\\\/h3>\\n\n\n<p>De deelnemende pati\\u00ebnten hebben in de vragenlijsten ook aangegeven hoe tevreden zij zijn met de zorg die Rugpoli levert. Hierbij gaat het niet alleen over het resultaat van de behandeling, maar ook over bijvoorbeeld onze informatievoorziening, de bejegening door ons medisch en ondersteunend personeel, de hygi\\u00ebne in de kliniek, samen beslissen over de behandeling en adviezen voor thuis. Het percentage is de tevredenheid met onze zorg na drie, zes en twaalf maanden na de start van de behandeling.<\\\/p>\\n\",\"margin\":\"default\"}}]},{\"type\":\"column\",\"props\":{\"image_position\":\"center-center\",\"position_sticky_breakpoint\":\"m\",\"vertical_align\":\"middle\",\"width_medium\":\"1-3\"},\"children\":[{\"type\":\"image\",\"props\":{\"image\":\"wp-content\\\/uploads\\\/2026\\\/02\\\/ThumbsUp-2025.jpg\",\"image_svg_color\":\"emphasis\",\"margin\":\"default\"}}]}]}]}]}]}]}],\"version\":\"4.5.19\",\"yooessentialsVersion\":\"2.4.12\"} --><\/p>\n","protected":false},"excerpt":{"rendered":"<p>Uitkomsten van onze zorg (2025) Rugpoli levert al ruim 20 jaar zorg aan mensen met klachten aan het bewegingsapparaat, zoals rug- en nekklachten. Uit ervaring kunnen we zeggen dat onze behandelingen goed resultaat behalen. Om de kwaliteit van onze zorg te blijven continueren en controleren, voert Rugpoli continu onderzoek uit naar de uitkomsten van onze [&hellip;]<\/p>\n","protected":false},"author":1,"featured_media":0,"parent":0,"menu_order":0,"comment_status":"closed","ping_status":"closed","template":"","meta":{"_acf_changed":false,"_improvement_type_select":"improve_an_existing","_thumb_yes_seoaic":false,"_frame_yes_seoaic":false,"seoaic_generate_description":"","seoaic_improve_instructions_prompt":"","seoaic_rollback_content_improvement":"","seoaic_idea_thumbnail_generator":"","thumbnail_generated":false,"thumbnail_generate_prompt":"","seoaic_article_description":"","footnotes":""},"class_list":["post-465","page","type-page","status-publish","hentry"],"acf":[],"_links":{"self":[{"href":"https:\/\/rugpoli.nl\/en\/wp-json\/wp\/v2\/pages\/465","targetHints":{"allow":["GET"]}}],"collection":[{"href":"https:\/\/rugpoli.nl\/en\/wp-json\/wp\/v2\/pages"}],"about":[{"href":"https:\/\/rugpoli.nl\/en\/wp-json\/wp\/v2\/types\/page"}],"author":[{"embeddable":true,"href":"https:\/\/rugpoli.nl\/en\/wp-json\/wp\/v2\/users\/1"}],"replies":[{"embeddable":true,"href":"https:\/\/rugpoli.nl\/en\/wp-json\/wp\/v2\/comments?post=465"}],"version-history":[{"count":19,"href":"https:\/\/rugpoli.nl\/en\/wp-json\/wp\/v2\/pages\/465\/revisions"}],"predecessor-version":[{"id":1642,"href":"https:\/\/rugpoli.nl\/en\/wp-json\/wp\/v2\/pages\/465\/revisions\/1642"}],"wp:attachment":[{"href":"https:\/\/rugpoli.nl\/en\/wp-json\/wp\/v2\/media?parent=465"}],"curies":[{"name":"wp","href":"https:\/\/api.w.org\/{rel}","templated":true}]}}