{"id":77,"date":"2025-04-08T19:03:48","date_gmt":"2025-04-08T19:03:48","guid":{"rendered":"https:\/\/rugpoli.nl\/wp\/?page_id=77"},"modified":"2025-04-15T17:21:47","modified_gmt":"2025-04-15T17:21:47","slug":"patienten-informatiepunt","status":"publish","type":"page","link":"https:\/\/rugpoli.nl\/en\/patienten-informatiepunt\/","title":{"rendered":"Pati\u00ebnten informatiepunt"},"content":{"rendered":"<h1>Over ons<\/h1>\n<\/p>\n<hr>\n<ul>\n<li>\n<p>        <img decoding=\"async\" src=\"\/wp\/wp-content\/uploads\/2025\/04\/zkn-keurmerk-bw.jpg\" alt=\"\"><\/p>\n<p><img decoding=\"async\" src=\"\/wp\/wp-content\/uploads\/2025\/04\/zkn-keurmerk.jpg\" alt><\/p>\n<\/li>\n<li>\n<p>        <img decoding=\"async\" src=\"\/wp\/wp-content\/uploads\/2025\/04\/logo-scas-geaccrediteerd-bw.jpg\" alt=\"\"><\/p>\n<p><img decoding=\"async\" src=\"\/wp\/wp-content\/uploads\/2025\/04\/logo-scas-geaccrediteerd.jpg\" alt><\/p>\n<\/li>\n<\/ul>\n<h1>Pati\u00ebnten informatiepunt<\/h1>\n<div>\n<p>Heeft u vragen over uw afspraak, uw ontvangen nota of heeft u een andere op- of aanmerking waarmee we als Rugpoli onze kwaliteit en continu\u00efteit kunnen verbeteren?<\/p>\n<p>Bij Rugpoli werken we met \u00e9\u00e9n centraal informatiepunt waar u met al uw vragen terecht kunt. Op deze manier willen we u als pati\u00ebnt een makkelijk toegankelijke, veilige en verantwoorde zorgomgeving aanbieden. Het informatiepunt geeft u antwoord op vragen van niet medisch inhoudelijke aard.\u00a0<\/p>\n<p>Marije Pol is namens het informatiepunt bereikbaar op woensdagochtend van 08.00-12.30 op telefoonnummer 074-3762014 of via e-mail<span>\u00a0<\/span><strong><a href=\"mailto:m.pol@rugpoli.nl\">m.pol@rugpoli.nl<\/a><\/strong>.<\/p>\n<\/div>\n<h1>Cli\u00ebntenraad<\/h1>\n<div>Rugpoli heeft conform de wettelijke vereisten een cli\u00ebntenraad die twee maal per jaar vergadert over de belangrijkste beleidspunten en ontwikkelingen van Rugpoli. Daarbij worden de uitkomstmetingen en pati\u00ebntervaringen besproken. De cli\u00ebntenraad bestaat uit mevr. E. Blokhuis.<\/div>\n<p><!--more--><br \/>\n<!-- {\"type\":\"layout\",\"children\":[{\"type\":\"section\",\"props\":{\"header_transparent\":true,\"header_transparent_noplaceholder\":true,\"image\":\"wp-content\\\/uploads\\\/2025\\\/04\\\/home-spreekkamer.jpg\",\"image_position\":\"center-center\",\"image_size\":\"cover\",\"padding\":\"small\",\"style\":\"default\",\"text_color\":\"light\",\"title_breakpoint\":\"xl\",\"title_position\":\"top-left\",\"title_rotation\":\"left\",\"vertical_align\":\"middle\",\"width\":\"default\"},\"children\":[{\"type\":\"row\",\"children\":[{\"type\":\"column\",\"props\":{\"image_position\":\"center-center\",\"position_sticky_breakpoint\":\"m\"}}]}],\"name\":\"Groen menu\"},{\"type\":\"section\",\"props\":{\"image_position\":\"center-center\",\"style\":\"default\",\"title_breakpoint\":\"xl\",\"title_position\":\"top-left\",\"title_rotation\":\"left\",\"vertical_align\":\"middle\",\"width\":\"default\"},\"children\":[{\"type\":\"row\",\"props\":{\"layout\":\"1-4,3-4\"},\"children\":[{\"type\":\"column\",\"props\":{\"image_position\":\"center-center\",\"position_sticky_breakpoint\":\"m\",\"width_medium\":\"1-4\"},\"children\":[{\"type\":\"headline\",\"props\":{\"content\":\"Over ons\",\"title_color\":\"primary\",\"title_element\":\"h1\",\"title_style\":\"h3\"}},{\"type\":\"nav\",\"props\":{\"grid\":\"1\",\"image_vertical_align\":true,\"nav_divider\":true,\"nav_style\":\"default\",\"show_image\":true,\"show_meta\":true},\"children\":[{\"type\":\"nav_item\",\"source\":{\"query\":{\"name\":\"customMenuItems\",\"arguments\":{\"id\":6,\"parent\":\"60\",\"heading\":\"\",\"include_heading\":false}},\"props\":{\"content\":{\"name\":\"title\"},\"link\":{\"name\":\"url\"},\"active\":{\"name\":\"active\"}}}}]},{\"type\":\"search\",\"props\":{\"margin\":\"medium\"}},{\"type\":\"divider\",\"props\":{\"divider_element\":\"hr\",\"divider_style\":\"icon\"}},{\"type\":\"gallery\",\"props\":{\"filter_align\":\"left\",\"filter_all\":true,\"filter_grid_breakpoint\":\"m\",\"filter_grid_width\":\"auto\",\"filter_position\":\"top\",\"filter_style\":\"tab\",\"grid_column_align\":false,\"grid_column_gap\":\"collapse\",\"grid_default\":\"2\",\"grid_medium\":\"2\",\"grid_row_align\":false,\"grid_row_gap\":\"collapse\",\"grid_small\":\"2\",\"image_transition\":\"scale-up\",\"item_animation\":true,\"lightbox_bg_close\":true,\"link_style\":\"default\",\"link_text\":\"Read more\",\"margin\":\"default\",\"margin_remove_bottom\":false,\"meta_align\":\"below-title\",\"meta_element\":\"div\",\"meta_style\":\"text-meta\",\"overlay_hover\":false,\"overlay_mode\":\"cover\",\"overlay_padding\":\"none\",\"overlay_position\":\"center\",\"overlay_style\":\"\",\"overlay_transition\":\"fade\",\"parallax_easing\":\"1\",\"show_content\":true,\"show_hover_image\":true,\"show_hover_video\":true,\"show_link\":true,\"show_meta\":true,\"show_title\":true,\"text_align\":\"\",\"text_color\":\"light\",\"title_element\":\"h3\",\"title_hover_style\":\"reset\"},\"children\":[{\"type\":\"gallery_item\",\"props\":{\"hover_image\":\"wp-content\\\/uploads\\\/2025\\\/04\\\/zkn-keurmerk.jpg\",\"image\":\"wp-content\\\/uploads\\\/2025\\\/04\\\/zkn-keurmerk-bw.jpg\"}},{\"type\":\"gallery_item\",\"props\":{\"hover_image\":\"wp-content\\\/uploads\\\/2025\\\/04\\\/logo-scas-geaccrediteerd.jpg\",\"image\":\"wp-content\\\/uploads\\\/2025\\\/04\\\/logo-scas-geaccrediteerd-bw.jpg\"}}],\"name\":\"keurmerken gallery\"}]},{\"type\":\"column\",\"props\":{\"image_position\":\"center-center\",\"position_sticky_breakpoint\":\"m\",\"width_medium\":\"3-4\"},\"children\":[{\"type\":\"headline\",\"props\":{\"content\":\"Pati\\u00ebnten informatiepunt\",\"content_en_us\":\"Patient Information Point\",\"title_element\":\"h1\"}},{\"type\":\"text\",\"props\":{\"column_breakpoint\":\"m\",\"content\":\"\n\n<p>Heeft u vragen over uw afspraak, uw ontvangen nota of heeft u een andere op- of aanmerking waarmee we als Rugpoli onze kwaliteit en continu\\u00efteit kunnen verbeteren?<\\\/p>\\n\n\n<p>Bij Rugpoli werken we met \\u00e9\\u00e9n centraal informatiepunt waar u met al uw vragen terecht kunt. Op deze manier willen we u als pati\\u00ebnt een makkelijk toegankelijke, veilige en verantwoorde zorgomgeving aanbieden. Het informatiepunt geeft u antwoord op vragen van niet medisch inhoudelijke aard.\\u00a0<\\\/p>\\n\n\n<p>Marije Pol is namens het informatiepunt bereikbaar op woensdagochtend van 08.00-12.30 op telefoonnummer 074-3762014 of via e-mail<span>\\u00a0<\\\/span><strong><a href=\\\"mailto:m.pol@rugpoli.nl\\\">m.pol@rugpoli.nl<\\\/a><\\\/strong>.<\\\/p>\",\"content_en_us\":\"\n\n<p>Do you have questions about your appointment, your invoice, or any other remark which Rugpoli can use to improve our quality and continuity of care?<\\\/p>\\n\n\n<p>At Rugpoli we have one central Information Point where can ask any non-medical questions you have. This way we want to offer you as a patient an easily accessible, safe and responsible care environment.<\\\/p>\\n\n\n<p>Marije Pol is available on behalf of the Information Point on Wednesday morning by telephone (<a href=\\\"tel:+31743762014\\\">+31 74 376 2014<\\\/a>) or e-mail (<a href=\\\"mailto:m.pol@rugpoli.nl\\\">m.pol@rugpoli.nl<\\\/a>).<\\\/p>\",\"margin\":\"default\"}},{\"type\":\"headline\",\"props\":{\"content\":\"Cli\\u00ebntenraad\",\"content_en_us\":\"Client Counsil\",\"title_element\":\"h1\",\"title_style\":\"h2\"}},{\"type\":\"text\",\"props\":{\"column_breakpoint\":\"m\",\"content\":\"Rugpoli heeft conform de wettelijke vereisten een cli\\u00ebntenraad die twee maal per jaar vergadert over de belangrijkste beleidspunten en ontwikkelingen van Rugpoli. Daarbij worden de uitkomstmetingen en pati\\u00ebntervaringen besproken. De cli\\u00ebntenraad bestaat uit mevr. E. Blokhuis.\",\"content_en_us\":\"According to national law Rugpoli has a client counsil which gathers twice a year to discuss important policy changes and developments at Rugpoli. Also Patient Reported Outcome and Experience Measures are discussed. The client consists of Mrs. E. Blokhuis.\",\"margin\":\"default\"}}]}]}],\"name\":\"Over ons - pagina\"}],\"version\":\"4.5.13\",\"yooessentialsVersion\":\"2.3.11\"} --><\/p>\n","protected":false},"excerpt":{"rendered":"<p>Over ons Pati\u00ebnten informatiepunt Heeft u vragen over uw afspraak, uw ontvangen nota of heeft u een andere op- of aanmerking waarmee we als Rugpoli onze kwaliteit en continu\u00efteit kunnen verbeteren? Bij Rugpoli werken we met \u00e9\u00e9n centraal informatiepunt waar u met al uw vragen terecht kunt. Op deze manier willen we u als pati\u00ebnt [&hellip;]<\/p>\n","protected":false},"author":1,"featured_media":0,"parent":0,"menu_order":0,"comment_status":"closed","ping_status":"closed","template":"","meta":{"_acf_changed":false,"_improvement_type_select":"improve_an_existing","_thumb_yes_seoaic":false,"_frame_yes_seoaic":false,"seoaic_generate_description":"","seoaic_improve_instructions_prompt":"","seoaic_rollback_content_improvement":"","seoaic_idea_thumbnail_generator":"","thumbnail_generated":false,"thumbnail_generate_prompt":"","seoaic_article_description":"","footnotes":""},"class_list":["post-77","page","type-page","status-publish","hentry"],"acf":[],"_links":{"self":[{"href":"https:\/\/rugpoli.nl\/en\/wp-json\/wp\/v2\/pages\/77","targetHints":{"allow":["GET"]}}],"collection":[{"href":"https:\/\/rugpoli.nl\/en\/wp-json\/wp\/v2\/pages"}],"about":[{"href":"https:\/\/rugpoli.nl\/en\/wp-json\/wp\/v2\/types\/page"}],"author":[{"embeddable":true,"href":"https:\/\/rugpoli.nl\/en\/wp-json\/wp\/v2\/users\/1"}],"replies":[{"embeddable":true,"href":"https:\/\/rugpoli.nl\/en\/wp-json\/wp\/v2\/comments?post=77"}],"version-history":[{"count":7,"href":"https:\/\/rugpoli.nl\/en\/wp-json\/wp\/v2\/pages\/77\/revisions"}],"predecessor-version":[{"id":920,"href":"https:\/\/rugpoli.nl\/en\/wp-json\/wp\/v2\/pages\/77\/revisions\/920"}],"wp:attachment":[{"href":"https:\/\/rugpoli.nl\/en\/wp-json\/wp\/v2\/media?parent=77"}],"curies":[{"name":"wp","href":"https:\/\/api.w.org\/{rel}","templated":true}]}}